{"id":1221,"date":"2023-08-29T18:02:12","date_gmt":"2023-08-29T18:02:12","guid":{"rendered":"http:\/\/34.243.242.96\/les-procedures-de-cassation\/"},"modified":"2023-11-20T12:12:20","modified_gmt":"2023-11-20T12:12:20","slug":"les-procedures-de-cassation","status":"publish","type":"page","link":"https:\/\/www.omegalaw.be\/fr\/les-procedures-de-cassation\/","title":{"rendered":"Les proc\u00e9dures de cassation"},"content":{"rendered":"\t\t<div data-elementor-type=\"wp-page\" data-elementor-id=\"1221\" class=\"elementor elementor-1221 elementor-232\" data-elementor-post-type=\"page\">\n\t\t\t\t<div class=\"elementor-element elementor-element-5470baf e-con-full e-flex e-con e-parent\" data-id=\"5470baf\" data-element_type=\"container\">\n\t\t<div class=\"elementor-element elementor-element-8c34515 e-con-full e-flex e-con e-child\" data-id=\"8c34515\" data-element_type=\"container\">\n\t\t\t\t<div data-dce-title-color=\"#16245C\" class=\"elementor-element elementor-element-982bb47 elementor-widget__width-initial elementor-widget elementor-widget-heading\" data-id=\"982bb47\" data-element_type=\"widget\" data-widget_type=\"heading.default\">\n\t\t\t\t<div class=\"elementor-widget-container\">\n\t\t\t\t\t<h1 class=\"elementor-heading-title elementor-size-default\">Proc\u00e9dure devant la Cour de cassation<\/h1>\t\t\t\t<\/div>\n\t\t\t\t<\/div>\n\t\t\t\t<\/div>\n\t\t<div data-dce-background-image-url=\"https:\/\/www.omegalaw.be\/wp-content\/uploads\/2023\/08\/cSimonBequoye-web-5760.jpg\" class=\"elementor-element elementor-element-23e06bb e-con-full e-flex e-con e-child\" data-id=\"23e06bb\" data-element_type=\"container\" data-settings=\"{&quot;background_background&quot;:&quot;classic&quot;}\">\n\t\t\t\t<\/div>\n\t\t\t\t<\/div>\n\t\t<div class=\"elementor-element elementor-element-283a8d0 e-flex e-con-boxed e-con e-parent\" data-id=\"283a8d0\" data-element_type=\"container\" data-settings=\"{&quot;background_background&quot;:&quot;classic&quot;}\">\n\t\t\t\t\t<div class=\"e-con-inner\">\n\t\t\t\t<div class=\"elementor-element elementor-element-38b5b5d elementor-widget elementor-widget-text-editor\" data-id=\"38b5b5d\" data-element_type=\"widget\" data-widget_type=\"text-editor.default\">\n\t\t\t\t<div class=\"elementor-widget-container\">\n\t\t\t\t\t\t\t\t\t<p class=\"p1\">Omega Law dispose d&rsquo;une grande expertise en mati\u00e8re de litiges devant la Cour de cassation. Avec deux avocats \u00e0 la Cour de cassation et une \u00e9quipe d&rsquo;associ\u00e9s exp\u00e9riment\u00e9s, notre cabinet est id\u00e9alement plac\u00e9 pour d\u00e9fendre vos int\u00e9r\u00eats devant la Cour, que ce soit en tant que demandeur ou en tant que d\u00e9fendeur.<\/p>\n\t\t\t\t\t\t\t\t<\/div>\n\t\t\t\t<\/div>\n\t\t\t\t\t<\/div>\n\t\t\t\t<\/div>\n\t\t<div class=\"elementor-element elementor-element-bea15de e-flex e-con-boxed e-con e-parent\" data-id=\"bea15de\" data-element_type=\"container\">\n\t\t\t\t\t<div class=\"e-con-inner\">\n\t\t<div class=\"elementor-element elementor-element-a66664b e-con-full e-flex e-con e-child\" data-id=\"a66664b\" data-element_type=\"container\">\n\t\t\t\t<div class=\"elementor-element elementor-element-8fb3858 elementor-widget elementor-widget-text-editor\" data-id=\"8fb3858\" data-element_type=\"widget\" data-widget_type=\"text-editor.default\">\n\t\t\t\t<div class=\"elementor-widget-container\">\n\t\t\t\t\t\t\t\t\t<p class=\"p1\"><b>Le r\u00f4le de la Cour de cassation<\/b> \u2014 Il est important de comprendre que le r\u00f4le de la Cour de cassation est plus limit\u00e9 que celui d&rsquo;un juge de premi\u00e8re instance ou d&rsquo;appel. La proc\u00e9dure devant la Cour n&rsquo;est pas une troisi\u00e8me instance. Concr\u00e8tement, la Cour veille uniquement \u00e0 ce que le droit soit correctement respect\u00e9 et qu&rsquo;aucune erreur de forme ou de proc\u00e9dure n&rsquo;ait \u00e9t\u00e9 commise. La Cour ne proc\u00e8de pas \u00e0 une nouvelle appr\u00e9ciation des faits. Par cons\u00e9quent, les moyens n\u00e9cessitant un examen des faits ne peuvent en principe pas \u00eatre port\u00e9s devant la Cour de cassation.<\/p>\n\t\t\t\t\t\t\t\t<\/div>\n\t\t\t\t<\/div>\n\t\t\t\t<\/div>\n\t\t\t\t\t<\/div>\n\t\t\t\t<\/div>\n\t\t<div class=\"elementor-element elementor-element-74aacc5 e-flex e-con-boxed e-con e-parent\" data-id=\"74aacc5\" data-element_type=\"container\">\n\t\t\t\t\t<div class=\"e-con-inner\">\n\t\t<div class=\"elementor-element elementor-element-b518ee0 e-con-full e-flex e-con e-child\" data-id=\"b518ee0\" data-element_type=\"container\">\n\t\t\t\t<div class=\"elementor-element elementor-element-ef54e13 elementor-widget elementor-widget-text-editor\" data-id=\"ef54e13\" data-element_type=\"widget\" data-widget_type=\"text-editor.default\">\n\t\t\t\t<div class=\"elementor-widget-container\">\n\t\t\t\t\t\t\t\t\t<p class=\"p1\"><b>Avocats \u00e0 la Cour de cassation <\/b>\u2014 Il existe un barreau sp\u00e9cifique \u00e0 la Cour de cassation. <a href=\"https:\/\/justitie.belgium.be\/nl\/rechterlijke_orde\/hoven_en_rechtbanken\/hof_van_cassatie\/informatie_over_het_hof\/advocaten_bij_het_hof\/advocaten\">Ses membres<\/a> ont \u00e9t\u00e9 nomm\u00e9s par arr\u00eat\u00e9 royal apr\u00e8s avoir suivi une formation sp\u00e9ciale et sont familiaris\u00e9s avec la technique sp\u00e9cifique de la cassation.<\/p>\n<p class=\"p1\">Dans les affaires civiles, l&rsquo;intervention d&rsquo;un avocat \u00e0 la Cour de cassation est requise par la loi. Ce n&rsquo;est pas le cas dans les affaires p\u00e9nales et fiscales, bien que, m\u00eame dans ces cas, il puisse \u00eatre opportun de faire appel \u00e0 l&rsquo;expertise particuli\u00e8re d&rsquo;un avocat de cassation.<\/p>\n<p class=\"p1\">A noter qu&rsquo;en mati\u00e8re p\u00e9nale, l&rsquo;avocat doit au moins \u00eatre titulaire du <a href=\"https:\/\/justitie.belgium.be\/nl\/rechterlijke_orde\/hoven_en_rechtbanken\/hof_van_cassatie\/informatie_over_het_hof\/advocaten_in_0#:~:text=De%2520verklaring%2520van%2520cassatieberoep%2520en,opleiding%2520in%2520cassatieprocedures%2520in%2520strafzaken.\">certificat de formation au pourvoi en cassation en mati\u00e8re p\u00e9nale<\/a>.<\/p>\n\t\t\t\t\t\t\t\t<\/div>\n\t\t\t\t<\/div>\n\t\t\t\t<\/div>\n\t\t\t\t\t<\/div>\n\t\t\t\t<\/div>\n\t\t<div class=\"elementor-element elementor-element-f0c443a e-flex e-con-boxed e-con e-parent\" data-id=\"f0c443a\" data-element_type=\"container\" data-settings=\"{&quot;background_background&quot;:&quot;classic&quot;}\">\n\t\t\t\t\t<div class=\"e-con-inner\">\n\t\t<div class=\"elementor-element elementor-element-0b62564 e-con-full e-flex e-con e-child\" data-id=\"0b62564\" data-element_type=\"container\">\n\t\t\t\t<div class=\"elementor-element elementor-element-91638a9 elementor-widget elementor-widget-text-editor\" data-id=\"91638a9\" data-element_type=\"widget\" data-widget_type=\"text-editor.default\">\n\t\t\t\t<div class=\"elementor-widget-container\">\n\t\t\t\t\t\t\t\t\t<p>Affaires civiles et fiscales<\/p>\n\t\t\t\t\t\t\t\t<\/div>\n\t\t\t\t<\/div>\n\t\t\t\t<div class=\"elementor-element elementor-element-c663bb8 elementor-widget elementor-widget-heading\" data-id=\"c663bb8\" data-element_type=\"widget\" data-widget_type=\"heading.default\">\n\t\t\t\t<div class=\"elementor-widget-container\">\n\t\t\t\t\t<h2 class=\"elementor-heading-title elementor-size-default\">Proc\u00e9dure<\/h2>\t\t\t\t<\/div>\n\t\t\t\t<\/div>\n\t\t\t\t<\/div>\n\t\t<div class=\"elementor-element elementor-element-418a1e3 e-flex e-con-boxed e-con e-child\" data-id=\"418a1e3\" data-element_type=\"container\">\n\t\t\t\t\t<div class=\"e-con-inner\">\n\t\t<div class=\"elementor-element elementor-element-1641c2b e-flex e-con-boxed e-con e-child\" data-id=\"1641c2b\" data-element_type=\"container\">\n\t\t\t\t\t<div class=\"e-con-inner\">\n\t\t\t\t<div class=\"elementor-element elementor-element-d6d3ff3 elementor-widget elementor-widget-text-editor\" data-id=\"d6d3ff3\" data-element_type=\"widget\" data-widget_type=\"text-editor.default\">\n\t\t\t\t<div class=\"elementor-widget-container\">\n\t\t\t\t\t\t\t\t\t<p class=\"p1\">La proc\u00e9dure de cassation commence g\u00e9n\u00e9ralement par un avis sur les chances de succ\u00e8s d&rsquo;un \u00e9ventuel pourvoi en cassation. Sur la base du dossier (jugement et arr\u00eat, conclusions, etc.), l&rsquo;avocat de cassation examine si des moyens ayant des chances raisonnables de succ\u00e8s peuvent \u00eatre soulev\u00e9s devant la Cour. Si ce n&rsquo;est pas le cas, la proc\u00e9dure est en principe termin\u00e9e, mais vous \u00eates bien s\u00fbr libre de demander un deuxi\u00e8me avis<i> <\/i>\u00e0 un autre avocat sp\u00e9cialis\u00e9 en cassation.<\/p>\n<p class=\"p1\">En cas d&rsquo;avis positif, il est possible de se pourvoir en cassation. Pour ce faire, il faut pr\u00e9parer ce que l&rsquo;on appelle un \u00ab\u00a0pourvoi en cassation\u00a0\u00bb, qui est signifi\u00e9 aux parties adverses et d\u00e9pos\u00e9 au greffe du tribunal.<\/p>\n<p class=\"p1\">En r\u00e8gle g\u00e9n\u00e9rale, le d\u00e9lai pour se pourvoir en cassation est de trois (3) mois \u00e0 compter de la signification du jugement ou de l&rsquo;arr\u00eat \u00e0 attaquer. Un pourvoi en cassation introduit trop tard est irrecevable. Il est possible que le jugement \u00e0 attaquer n&rsquo;ait pas (encore) \u00e9t\u00e9 signifi\u00e9 ; dans ce cas, le d\u00e9lai n&rsquo;est probablement pas encore en cours. Mais attention : dans certains cas, le d\u00e9lai court d\u00e9j\u00e0 \u00e0 partir de la notification par pli judiciaire ou par lettre recommand\u00e9e et\/ou le d\u00e9lai est inf\u00e9rieur \u00e0 trois mois. Un bon conseil est donc de ne pas trop attendre en tout cas avant de contacter un avocat sp\u00e9cialis\u00e9 en cassation si vous envisagez d&rsquo;introduire un pourvoi en cassation.<\/p>\n\t\t\t\t\t\t\t\t<\/div>\n\t\t\t\t<\/div>\n\t\t\t\t\t<\/div>\n\t\t\t\t<\/div>\n\t\t<div class=\"elementor-element elementor-element-2482ef6 e-flex e-con-boxed e-con e-child\" data-id=\"2482ef6\" data-element_type=\"container\">\n\t\t\t\t\t<div class=\"e-con-inner\">\n\t\t\t\t<div class=\"elementor-element elementor-element-db41987 elementor-widget elementor-widget-text-editor\" data-id=\"db41987\" data-element_type=\"widget\" data-widget_type=\"text-editor.default\">\n\t\t\t\t<div class=\"elementor-widget-container\">\n\t\t\t\t\t\t\t\t\t<p class=\"p1\">Une fois le pourvoi en cassation introduit, le d\u00e9fendeur peut d\u00e9poser un m\u00e9moire en r\u00e9ponse. Il dispose d&rsquo;un d\u00e9lai de trois (3) mois \u00e0 compter de la signification du pourvoi.<span class=\"Apple-converted-space\">\u00a0 <\/span>Vous pouvez \u00e9galement vous adresser \u00e0 notre cabinet pour cela.<\/p>\n<p class=\"p1\">La Cour de cassation examine alors le dossier et fixe une audience au cours de laquelle l&rsquo;affaire sera entendue. Imm\u00e9diatement apr\u00e8s l&rsquo;audience, la Cour statue.<\/p>\n<p class=\"p1\">Il est difficile de donner une indication de temps concr\u00e8te car le tribunal n&rsquo;entend pas les affaires dans l&rsquo;ordre dans lequel elles ont \u00e9t\u00e9 re\u00e7ues. En outre, les parties ne sont inform\u00e9es de la date d&rsquo;audience qu&rsquo;environ deux semaines avant celle-ci. En moyenne, il faut compter un d\u00e9lai d&rsquo;environ 15 mois entre la signification de la provision et le jugement, mais gardez \u00e0 l&rsquo;esprit que ce d\u00e9lai peut varier consid\u00e9rablement d&rsquo;une affaire \u00e0 l&rsquo;autre.<\/p>\n<p class=\"p1\">Les proc\u00e9dures de cassation en mati\u00e8re civile et fiscale n&rsquo;ont pas d&rsquo;effet suspensif. Concr\u00e8tement, cela signifie que l&rsquo;arr\u00eat attaqu\u00e9 peut \u00eatre ex\u00e9cut\u00e9 pendant la proc\u00e9dure de cassation. Bien entendu, cette ex\u00e9cution doit \u00eatre annul\u00e9e si la Cour d\u00e9cide d&rsquo;annuler le jugement ou l&rsquo;arr\u00eat attaqu\u00e9.<\/p>\n\t\t\t\t\t\t\t\t<\/div>\n\t\t\t\t<\/div>\n\t\t\t\t\t<\/div>\n\t\t\t\t<\/div>\n\t\t\t\t\t<\/div>\n\t\t\t\t<\/div>\n\t\t\t\t\t<\/div>\n\t\t\t\t<\/div>\n\t\t<div class=\"elementor-element elementor-element-d1ed833 e-flex e-con-boxed e-con e-parent\" data-id=\"d1ed833\" data-element_type=\"container\" data-settings=\"{&quot;background_background&quot;:&quot;classic&quot;}\">\n\t\t\t\t\t<div class=\"e-con-inner\">\n\t\t<div class=\"elementor-element elementor-element-567a362 e-con-full e-flex e-con e-child\" data-id=\"567a362\" data-element_type=\"container\">\n\t\t\t\t<div class=\"elementor-element elementor-element-8edb2a1 elementor-widget elementor-widget-text-editor\" data-id=\"8edb2a1\" data-element_type=\"widget\" data-widget_type=\"text-editor.default\">\n\t\t\t\t<div class=\"elementor-widget-container\">\n\t\t\t\t\t\t\t\t\t<p>affaires p\u00e9nales<\/p>\n\t\t\t\t\t\t\t\t<\/div>\n\t\t\t\t<\/div>\n\t\t\t\t<div class=\"elementor-element elementor-element-6133c77 elementor-widget elementor-widget-heading\" data-id=\"6133c77\" data-element_type=\"widget\" data-widget_type=\"heading.default\">\n\t\t\t\t<div class=\"elementor-widget-container\">\n\t\t\t\t\t<h2 class=\"elementor-heading-title elementor-size-default\">Proc\u00e9dure<\/h2>\t\t\t\t<\/div>\n\t\t\t\t<\/div>\n\t\t\t\t<\/div>\n\t\t<div class=\"elementor-element elementor-element-98a8aae e-flex e-con-boxed e-con e-child\" data-id=\"98a8aae\" data-element_type=\"container\">\n\t\t\t\t\t<div class=\"e-con-inner\">\n\t\t<div class=\"elementor-element elementor-element-8758def e-flex e-con-boxed e-con e-child\" data-id=\"8758def\" data-element_type=\"container\">\n\t\t\t\t\t<div class=\"e-con-inner\">\n\t\t\t\t<div class=\"elementor-element elementor-element-bc852d4 elementor-widget elementor-widget-text-editor\" data-id=\"bc852d4\" data-element_type=\"widget\" data-widget_type=\"text-editor.default\">\n\t\t\t\t<div class=\"elementor-widget-container\">\n\t\t\t\t\t\t\t\t\t<p class=\"p1\">La proc\u00e9dure de cassation en mati\u00e8re p\u00e9nale commence par le d\u00e9p\u00f4t d&rsquo;un pourvoi en cassation au moyen d&rsquo;une d\u00e9claration \u00e9crite au greffe du tribunal ou de la cour o\u00f9 la d\u00e9cision contest\u00e9e a \u00e9t\u00e9 rendue. En r\u00e8gle g\u00e9n\u00e9rale (sous r\u00e9serve d&rsquo;autres dispositions l\u00e9gislatives), le pourvoi en cassation doit \u00eatre form\u00e9 dans un d\u00e9lai de 15 jours \u00e0 compter du prononc\u00e9 de la d\u00e9cision attaqu\u00e9e et la d\u00e9claration de pourvoi en cassation doit \u00eatre signifi\u00e9e aux parties adverses. La personne poursuivie n&rsquo;est tenue de signifier que dans la mesure o\u00f9 son pourvoi en cassation est dirig\u00e9 contre la d\u00e9cision sur l&rsquo;action civile intent\u00e9e contre elle.<\/p>\n<p class=\"p1\">Un avis est ensuite donn\u00e9 sur les chances de succ\u00e8s d&rsquo;un \u00e9ventuel moyen \u00e0 l&rsquo;appui du pourvoi en cassation. Sur la base du dossier (jugement et arr\u00eat, conclusions, etc.), il est examin\u00e9 si des moyens ayant des chances raisonnables de succ\u00e8s peuvent \u00eatre soulev\u00e9s devant la Cour.<\/p>\n<p class=\"p1\">En cas d&rsquo;avis positif, un acte de proc\u00e9dure peut \u00eatre pr\u00e9par\u00e9. Le m\u00e9moire est notifi\u00e9 aux parties adverses par lettre recommand\u00e9e et est \u00e9galement d\u00e9pos\u00e9 au greffe du tribunal.<\/p>\n\t\t\t\t\t\t\t\t<\/div>\n\t\t\t\t<\/div>\n\t\t\t\t\t<\/div>\n\t\t\t\t<\/div>\n\t\t<div class=\"elementor-element elementor-element-06450c7 e-flex e-con-boxed e-con e-child\" data-id=\"06450c7\" data-element_type=\"container\">\n\t\t\t\t\t<div class=\"e-con-inner\">\n\t\t\t\t<div class=\"elementor-element elementor-element-9b0ffe4 elementor-widget elementor-widget-text-editor\" data-id=\"9b0ffe4\" data-element_type=\"widget\" data-widget_type=\"text-editor.default\">\n\t\t\t\t<div class=\"elementor-widget-container\">\n\t\t\t\t\t\t\t\t\t<p class=\"p1\">Le d\u00e9lai pour d\u00e9poser un m\u00e9moire est g\u00e9n\u00e9ralement de deux mois \u00e0 compter du d\u00e9p\u00f4t du pourvoi en cassation et au plus tard quinze (15) jours avant l&rsquo;audience \u00e0 laquelle l&rsquo;affaire est fix\u00e9e. La partie d\u00e9fenderesse a la possibilit\u00e9 de d\u00e9poser un m\u00e9moire en r\u00e9ponse au plus tard huit (8) jours avant l&rsquo;audience de la Cour.<\/p>\n<p class=\"p1\">La proc\u00e9dure de cassation en mati\u00e8re p\u00e9nale a un effet suspensif, sauf lorsque les tribunaux ont d\u00e9cid\u00e9, pour des raisons particuli\u00e8res, que la d\u00e9cision sur la proc\u00e9dure p\u00e9nale, autre que la condamnation, l&rsquo;acquittement ou le non-lieu, ainsi que la d\u00e9cision sur l&rsquo;action civile doivent encore \u00eatre ex\u00e9cut\u00e9es provisoirement.<\/p>\n<p class=\"p1\">Les proc\u00e9dures de cassation dans les affaires p\u00e9nales sont r\u00e9gl\u00e9es plus rapidement que dans les affaires civiles. En moyenne, les affaires p\u00e9nales sont r\u00e9gl\u00e9es dans un d\u00e9lai de six (6) \u00e0 douze (12) mois \u00e0 compter de l&rsquo;introduction du pourvoi en cassation.<\/p>\n\t\t\t\t\t\t\t\t<\/div>\n\t\t\t\t<\/div>\n\t\t\t\t\t<\/div>\n\t\t\t\t<\/div>\n\t\t\t\t\t<\/div>\n\t\t\t\t<\/div>\n\t\t\t\t\t<\/div>\n\t\t\t\t<\/div>\n\t\t<div class=\"elementor-element elementor-element-2b8021a e-flex e-con-boxed e-con e-parent\" data-id=\"2b8021a\" data-element_type=\"container\" data-settings=\"{&quot;background_background&quot;:&quot;classic&quot;}\">\n\t\t\t\t\t<div class=\"e-con-inner\">\n\t\t\t\t<div class=\"elementor-element elementor-element-118d00e elementor-widget elementor-widget-text-editor\" data-id=\"118d00e\" data-element_type=\"widget\" data-widget_type=\"text-editor.default\">\n\t\t\t\t<div class=\"elementor-widget-container\">\n\t\t\t\t\t\t\t\t\t<p>Pratique<\/p>\n\t\t\t\t\t\t\t\t<\/div>\n\t\t\t\t<\/div>\n\t\t\t\t<div class=\"elementor-element elementor-element-370b7a9 elementor-widget elementor-widget-text-editor\" data-id=\"370b7a9\" data-element_type=\"widget\" data-widget_type=\"text-editor.default\">\n\t\t\t\t<div class=\"elementor-widget-container\">\n\t\t\t\t\t\t\t\t\t<p class=\"p1\">Vous souhaitez faire appel \u00e0 notre cabinet pour \u00e9tudier les chances de succ\u00e8s d&rsquo;un \u00e9ventuel pourvoi en cassation dans une affaire civile ou p\u00e9nale ?<\/p>\r\n&nbsp;\r\n<p class=\"p1\">Dans ce cas, veuillez contacter notre cabinet par e-mail ou par t\u00e9l\u00e9phone et soumettre (de pr\u00e9f\u00e9rence) par voie \u00e9lectronique ou sur papier (au moins) les documents suivants :<\/p>\r\n&#8211; L&rsquo;acte introductif du litige (assignation\/p\u00e9tition) en premi\u00e8re instance et en appel ;\r\n&#8211; Conclusions de toutes les parties en premi\u00e8re instance et en appel ;\r\n&#8211; Le jugement en premi\u00e8re instance ;\r\n&#8211; Le jugement ou l&rsquo;arr\u00eat \u00e0 examiner, rendu en derni\u00e8re instance ;\r\n&#8211; Preuve de la signification ou de la notification de l&rsquo;arr\u00eat ou de la d\u00e9cision \u00e0 examiner.\r\n\r\n&nbsp;\r\n<p class=\"p1\">Avant de commencer l&rsquo;enqu\u00eate, nous vous invitons \u00e0 payer un montant forfaitaire.<\/p>\r\n<p class=\"p1\">Dans les proc\u00e9dures de cassation (tant pour le conseil que pour la r\u00e9daction de la disposition \u00e9ventuelle), le travail est effectu\u00e9 \u00e0 un prix fixe convenu \u00e0 l&rsquo;avance plut\u00f4t qu&rsquo;\u00e0 un taux horaire.<\/p>\r\n&nbsp;\r\n<p class=\"p1\">Si nous avons besoin d&rsquo;autres informations (par exemple, les pi\u00e8ces des parties), nous les contacterons.<\/p>\t\t\t\t\t\t\t\t<\/div>\n\t\t\t\t<\/div>\n\t\t\t\t\t<\/div>\n\t\t\t\t<\/div>\n\t\t\t\t<\/div>\n\t\t","protected":false},"excerpt":{"rendered":"<p>Proc\u00e9dure devant la Cour de cassation Omega Law dispose d&rsquo;une grande expertise en mati\u00e8re de litiges devant la Cour de cassation. Avec deux avocats \u00e0 la Cour de cassation et une \u00e9quipe d&rsquo;associ\u00e9s exp\u00e9riment\u00e9s, notre cabinet est id\u00e9alement plac\u00e9 pour d\u00e9fendre vos int\u00e9r\u00eats devant la Cour, que ce soit en tant que demandeur ou en [&hellip;]<\/p>\n","protected":false},"author":1,"featured_media":0,"parent":0,"menu_order":0,"comment_status":"closed","ping_status":"closed","template":"","meta":{"_acf_changed":false,"footnotes":""},"class_list":["post-1221","page","type-page","status-publish","hentry"],"acf":[],"_links":{"self":[{"href":"https:\/\/www.omegalaw.be\/fr\/wp-json\/wp\/v2\/pages\/1221","targetHints":{"allow":["GET"]}}],"collection":[{"href":"https:\/\/www.omegalaw.be\/fr\/wp-json\/wp\/v2\/pages"}],"about":[{"href":"https:\/\/www.omegalaw.be\/fr\/wp-json\/wp\/v2\/types\/page"}],"author":[{"embeddable":true,"href":"https:\/\/www.omegalaw.be\/fr\/wp-json\/wp\/v2\/users\/1"}],"replies":[{"embeddable":true,"href":"https:\/\/www.omegalaw.be\/fr\/wp-json\/wp\/v2\/comments?post=1221"}],"version-history":[{"count":1,"href":"https:\/\/www.omegalaw.be\/fr\/wp-json\/wp\/v2\/pages\/1221\/revisions"}],"predecessor-version":[{"id":1223,"href":"https:\/\/www.omegalaw.be\/fr\/wp-json\/wp\/v2\/pages\/1221\/revisions\/1223"}],"wp:attachment":[{"href":"https:\/\/www.omegalaw.be\/fr\/wp-json\/wp\/v2\/media?parent=1221"}],"curies":[{"name":"wp","href":"https:\/\/api.w.org\/{rel}","templated":true}]}}