{"id":1224,"date":"2023-08-29T17:34:53","date_gmt":"2023-08-29T17:34:53","guid":{"rendered":"http:\/\/34.243.242.96\/contact\/"},"modified":"2023-11-20T10:29:13","modified_gmt":"2023-11-20T10:29:13","slug":"contact","status":"publish","type":"page","link":"https:\/\/www.omegalaw.be\/fr\/contact\/","title":{"rendered":"Contact"},"content":{"rendered":"\t\t<div data-elementor-type=\"wp-page\" data-elementor-id=\"1224\" class=\"elementor elementor-1224 elementor-220\" data-elementor-post-type=\"page\">\n\t\t\t\t<div class=\"elementor-element elementor-element-02d0df3 e-con-full e-flex e-con e-parent\" data-id=\"02d0df3\" data-element_type=\"container\">\n\t\t<div class=\"elementor-element elementor-element-e0788ec e-con-full e-flex e-con e-child\" data-id=\"e0788ec\" data-element_type=\"container\">\n\t\t<div class=\"elementor-element elementor-element-f9f6502 e-flex e-con-boxed e-con e-child\" data-id=\"f9f6502\" data-element_type=\"container\">\n\t\t\t\t\t<div class=\"e-con-inner\">\n\t\t\t\t<div data-dce-title-color=\"#16245C\" class=\"elementor-element elementor-element-a123367 elementor-widget__width-initial elementor-widget elementor-widget-heading\" data-id=\"a123367\" data-element_type=\"widget\" data-widget_type=\"heading.default\">\n\t\t\t\t<div class=\"elementor-widget-container\">\n\t\t\t\t\t<h1 class=\"elementor-heading-title elementor-size-default\">Contactez nous.<\/h1>\t\t\t\t<\/div>\n\t\t\t\t<\/div>\n\t\t\t\t\t<\/div>\n\t\t\t\t<\/div>\n\t\t<div class=\"elementor-element elementor-element-0bf8be7 e-flex e-con-boxed e-con e-child\" data-id=\"0bf8be7\" data-element_type=\"container\">\n\t\t\t\t\t<div class=\"e-con-inner\">\n\t\t<div class=\"elementor-element elementor-element-232cdd7 e-con-full e-flex e-con e-child\" data-id=\"232cdd7\" data-element_type=\"container\">\n\t\t\t\t<div class=\"elementor-element elementor-element-1d838ba elementor-widget elementor-widget-text-editor\" data-id=\"1d838ba\" data-element_type=\"widget\" data-widget_type=\"text-editor.default\">\n\t\t\t\t<div class=\"elementor-widget-container\">\n\t\t\t\t\t\t\t\t\t<p>T\u00e9l\u00e9phone<\/p>\n\t\t\t\t\t\t\t\t<\/div>\n\t\t\t\t<\/div>\n\t\t\t\t<div class=\"elementor-element elementor-element-832b889 elementor-widget elementor-widget-text-editor\" data-id=\"832b889\" data-element_type=\"widget\" data-widget_type=\"text-editor.default\">\n\t\t\t\t<div class=\"elementor-widget-container\">\n\t\t\t\t\t\t\t\t\t<p>+32 3 259 29 29<\/p>\n\t\t\t\t\t\t\t\t<\/div>\n\t\t\t\t<\/div>\n\t\t\t\t<\/div>\n\t\t<div class=\"elementor-element elementor-element-bdc5b10 e-con-full e-flex e-con e-child\" data-id=\"bdc5b10\" data-element_type=\"container\">\n\t\t\t\t<div class=\"elementor-element elementor-element-8430f70 elementor-widget elementor-widget-text-editor\" data-id=\"8430f70\" data-element_type=\"widget\" data-widget_type=\"text-editor.default\">\n\t\t\t\t<div class=\"elementor-widget-container\">\n\t\t\t\t\t\t\t\t\t<p>Adresse \u00e9lectronique<\/p>\n\t\t\t\t\t\t\t\t<\/div>\n\t\t\t\t<\/div>\n\t\t\t\t<div class=\"elementor-element elementor-element-e37111b elementor-widget elementor-widget-text-editor\" data-id=\"e37111b\" data-element_type=\"widget\" data-widget_type=\"text-editor.default\">\n\t\t\t\t<div class=\"elementor-widget-container\">\n\t\t\t\t\t\t\t\t\t<p><a href=\"mailto:info@omegalaw.be\">info@omegalaw.be<\/a><\/p>\n\t\t\t\t\t\t\t\t<\/div>\n\t\t\t\t<\/div>\n\t\t\t\t<\/div>\n\t\t<div class=\"elementor-element elementor-element-b35d4f0 e-con-full e-flex e-con e-child\" data-id=\"b35d4f0\" data-element_type=\"container\">\n\t\t\t\t<div class=\"elementor-element elementor-element-7250305 elementor-widget elementor-widget-text-editor\" data-id=\"7250305\" data-element_type=\"widget\" data-widget_type=\"text-editor.default\">\n\t\t\t\t<div class=\"elementor-widget-container\">\n\t\t\t\t\t\t\t\t\t<p>fax<\/p>\n\t\t\t\t\t\t\t\t<\/div>\n\t\t\t\t<\/div>\n\t\t\t\t<div class=\"elementor-element elementor-element-3cf533f elementor-widget elementor-widget-text-editor\" data-id=\"3cf533f\" data-element_type=\"widget\" data-widget_type=\"text-editor.default\">\n\t\t\t\t<div class=\"elementor-widget-container\">\n\t\t\t\t\t\t\t\t\t<p>+32 3 259 29 20<\/p>\n\t\t\t\t\t\t\t\t<\/div>\n\t\t\t\t<\/div>\n\t\t\t\t<\/div>\n\t\t<div class=\"elementor-element elementor-element-73fe951 e-con-full e-flex e-con e-child\" data-id=\"73fe951\" data-element_type=\"container\">\n\t\t\t\t<div class=\"elementor-element elementor-element-eaa73eb elementor-widget elementor-widget-text-editor\" data-id=\"eaa73eb\" data-element_type=\"widget\" data-widget_type=\"text-editor.default\">\n\t\t\t\t<div class=\"elementor-widget-container\">\n\t\t\t\t\t\t\t\t\t<p>Bureau<\/p>\n\t\t\t\t\t\t\t\t<\/div>\n\t\t\t\t<\/div>\n\t\t\t\t<div class=\"elementor-element elementor-element-c1efa4b elementor-widget elementor-widget-text-editor\" data-id=\"c1efa4b\" data-element_type=\"widget\" data-widget_type=\"text-editor.default\">\n\t\t\t\t<div class=\"elementor-widget-container\">\n\t\t\t\t\t\t\t\t\t<p>Amerikalei 187\/302<br \/>2000 Antwerpen<\/p>\n\t\t\t\t\t\t\t\t<\/div>\n\t\t\t\t<\/div>\n\t\t\t\t<\/div>\n\t\t<div class=\"elementor-element elementor-element-ded0c44 e-con-full e-flex e-con e-child\" data-id=\"ded0c44\" data-element_type=\"container\">\n\t\t\t\t<div class=\"elementor-element elementor-element-46ad7f4 elementor-widget elementor-widget-text-editor\" data-id=\"46ad7f4\" data-element_type=\"widget\" data-widget_type=\"text-editor.default\">\n\t\t\t\t<div class=\"elementor-widget-container\">\n\t\t\t\t\t\t\t\t\t<p>Kbo<\/p>\n\t\t\t\t\t\t\t\t<\/div>\n\t\t\t\t<\/div>\n\t\t\t\t<div class=\"elementor-element elementor-element-eecb04e elementor-widget elementor-widget-text-editor\" data-id=\"eecb04e\" data-element_type=\"widget\" data-widget_type=\"text-editor.default\">\n\t\t\t\t<div class=\"elementor-widget-container\">\n\t\t\t\t\t\t\t\t\t<p>0536.841.550<\/p>\n\t\t\t\t\t\t\t\t<\/div>\n\t\t\t\t<\/div>\n\t\t\t\t<\/div>\n\t\t\t\t\t<\/div>\n\t\t\t\t<\/div>\n\t\t\t\t<\/div>\n\t\t<div class=\"elementor-element elementor-element-9f3a84f e-con-full e-flex e-con e-child\" data-id=\"9f3a84f\" data-element_type=\"container\">\n\t\t\t\t<div class=\"elementor-element elementor-element-e902211 elementor-widget elementor-widget-google_maps\" data-id=\"e902211\" data-element_type=\"widget\" data-widget_type=\"google_maps.default\">\n\t\t\t\t<div class=\"elementor-widget-container\">\n\t\t\t\t\t\t\t<div class=\"elementor-custom-embed\">\n\t\t\t<iframe loading=\"lazy\"\n\t\t\t\t\tsrc=\"https:\/\/maps.google.com\/maps?q=Amerikalei%20187%2F302%202000%20Antwerpen&#038;t=m&#038;z=13&#038;output=embed&#038;iwloc=near\"\n\t\t\t\t\ttitle=\"Amerikalei 187\/302 2000 Antwerpen\"\n\t\t\t\t\taria-label=\"Amerikalei 187\/302 2000 Antwerpen\"\n\t\t\t><\/iframe>\n\t\t<\/div>\n\t\t\t\t\t\t<\/div>\n\t\t\t\t<\/div>\n\t\t\t\t<\/div>\n\t\t\t\t<\/div>\n\t\t<div class=\"elementor-element elementor-element-401e219 e-con-full e-flex e-con e-parent\" data-id=\"401e219\" data-element_type=\"container\">\n\t\t<div data-dce-background-image-url=\"https:\/\/www.omegalaw.be\/wp-content\/uploads\/2023\/08\/cSimonBequoye-web-5669-1.jpg\" class=\"elementor-element elementor-element-395cf95 e-con-full elementor-hidden-mobile e-flex e-con e-child\" data-id=\"395cf95\" data-element_type=\"container\" data-settings=\"{&quot;background_background&quot;:&quot;classic&quot;}\">\n\t\t\t\t<\/div>\n\t\t<div class=\"elementor-element elementor-element-4b66326 e-con-full e-flex e-con e-child\" data-id=\"4b66326\" data-element_type=\"container\" data-settings=\"{&quot;background_background&quot;:&quot;classic&quot;}\">\n\t\t<div class=\"elementor-element elementor-element-d906095 e-flex e-con-boxed e-con e-child\" data-id=\"d906095\" data-element_type=\"container\">\n\t\t\t\t\t<div class=\"e-con-inner\">\n\t\t\t\t<div class=\"elementor-element elementor-element-2097136 elementor-widget elementor-widget-text-editor\" data-id=\"2097136\" data-element_type=\"widget\" data-widget_type=\"text-editor.default\">\n\t\t\t\t<div class=\"elementor-widget-container\">\n\t\t\t\t\t\t\t\t\t<p class=\"p1\">Omega Law est situ\u00e9 \u00e0 Anvers Sud, proche du nouveau Palais de Justice, et est facilement accessible par les transports en commun ou en voiture.<\/p>\n\t\t\t\t\t\t\t\t<\/div>\n\t\t\t\t<\/div>\n\t\t\t\t<div class=\"elementor-element elementor-element-cdec226 elementor-widget elementor-widget-text-editor\" data-id=\"cdec226\" data-element_type=\"widget\" data-widget_type=\"text-editor.default\">\n\t\t\t\t<div class=\"elementor-widget-container\">\n\t\t\t\t\t\t\t\t\t<p class=\"p1\">Accessibilit\u00e9 par les transports publics<\/p>\n\t\t\t\t\t\t\t\t<\/div>\n\t\t\t\t<\/div>\n\t\t\t\t<div class=\"elementor-element elementor-element-928f958 elementor-widget elementor-widget-text-editor\" data-id=\"928f958\" data-element_type=\"widget\" data-widget_type=\"text-editor.default\">\n\t\t\t\t<div class=\"elementor-widget-container\">\n\t\t\t\t\t\t\t\t\t<p class=\"p1\">Tram ligne 1 &#8211; arr\u00eat Montigny \u00e0 2 minutes \u00e0 pied<br \/>\nTram ligne 1 ou 4 &#8211; arr\u00eat Antwerp Bolivarplaats \u00e0 5 minutes \u00e0 pied<br \/>\nTrain &#8211; gare d&rsquo;Antwerpen-Zuid &#8211; 10 minutes \u00e0 pied<\/p>\n\t\t\t\t\t\t\t\t<\/div>\n\t\t\t\t<\/div>\n\t\t\t\t<div class=\"elementor-element elementor-element-8cdf2e4 elementor-widget elementor-widget-text-editor\" data-id=\"8cdf2e4\" data-element_type=\"widget\" data-widget_type=\"text-editor.default\">\n\t\t\t\t<div class=\"elementor-widget-container\">\n\t\t\t\t\t\t\t\t\t<p class=\"p1\">Parking public dans le quartier<\/p>\n\t\t\t\t\t\t\t\t<\/div>\n\t\t\t\t<\/div>\n\t\t\t\t<div class=\"elementor-element elementor-element-89448fa elementor-widget elementor-widget-text-editor\" data-id=\"89448fa\" data-element_type=\"widget\" data-widget_type=\"text-editor.default\">\n\t\t\t\t<div class=\"elementor-widget-container\">\n\t\t\t\t\t\t\t\t\t<p class=\"p1\">Parking &lsquo;t Zuid &#8211; Gentplaats 94<br \/>\nParking Zuiderplein &#8211; Michel De Braeystraat 55<br \/>\nParking Steendok &#8211; Waalsekaai, zone Steendok<br \/>\nPossibilit\u00e9 de stationnement sur rue \u00e0 Amerikalei et dans les rues avoisinantes (places limit\u00e9es, \u00e9galement pour les voitures \u00e9lectriques)<\/p>\n\t\t\t\t\t\t\t\t<\/div>\n\t\t\t\t<\/div>\n\t\t\t\t\t<\/div>\n\t\t\t\t<\/div>\n\t\t\t\t<\/div>\n\t\t\t\t<\/div>\n\t\t<div class=\"elementor-element elementor-element-15f9029 e-flex e-con-boxed e-con e-parent\" data-id=\"15f9029\" data-element_type=\"container\" data-settings=\"{&quot;background_background&quot;:&quot;classic&quot;}\">\n\t\t\t\t\t<div class=\"e-con-inner\">\n\t\t\t\t<div class=\"elementor-element elementor-element-95f15e2 elementor-widget elementor-widget-text-editor\" data-id=\"95f15e2\" data-element_type=\"widget\" data-widget_type=\"text-editor.default\">\n\t\t\t\t<div class=\"elementor-widget-container\">\n\t\t\t\t\t\t\t\t\t<p>Faire connaissance avec Omega Law ?<\/p>\n\t\t\t\t\t\t\t\t<\/div>\n\t\t\t\t<\/div>\n\t\t\t\t<div class=\"elementor-element elementor-element-349fc36 elementor-widget elementor-widget-text-editor\" data-id=\"349fc36\" data-element_type=\"widget\" data-widget_type=\"text-editor.default\">\n\t\t\t\t<div class=\"elementor-widget-container\">\n\t\t\t\t\t\t\t\t\t<p>N&rsquo;h\u00e9sitez pas \u00e0 nous contacter via<br \/>\n<a href=\"mailto:info@omegalaw.be\">info@omegalaw.be<\/a><\/p>\n\t\t\t\t\t\t\t\t<\/div>\n\t\t\t\t<\/div>\n\t\t\t\t\t<\/div>\n\t\t\t\t<\/div>\n\t\t\t\t<\/div>\n\t\t","protected":false},"excerpt":{"rendered":"<p>Contactez nous. T\u00e9l\u00e9phone +32 3 259 29 29 Adresse \u00e9lectronique info@omegalaw.be fax +32 3 259 29 20 Bureau Amerikalei 187\/3022000 Antwerpen Kbo 0536.841.550 Omega Law est situ\u00e9 \u00e0 Anvers Sud, proche du nouveau Palais de Justice, et est facilement accessible par les transports en commun ou en voiture. Accessibilit\u00e9 par les transports publics Tram ligne [&hellip;]<\/p>\n","protected":false},"author":1,"featured_media":0,"parent":0,"menu_order":0,"comment_status":"closed","ping_status":"closed","template":"","meta":{"_acf_changed":false,"footnotes":""},"class_list":["post-1224","page","type-page","status-publish","hentry"],"acf":[],"_links":{"self":[{"href":"https:\/\/www.omegalaw.be\/fr\/wp-json\/wp\/v2\/pages\/1224","targetHints":{"allow":["GET"]}}],"collection":[{"href":"https:\/\/www.omegalaw.be\/fr\/wp-json\/wp\/v2\/pages"}],"about":[{"href":"https:\/\/www.omegalaw.be\/fr\/wp-json\/wp\/v2\/types\/page"}],"author":[{"embeddable":true,"href":"https:\/\/www.omegalaw.be\/fr\/wp-json\/wp\/v2\/users\/1"}],"replies":[{"embeddable":true,"href":"https:\/\/www.omegalaw.be\/fr\/wp-json\/wp\/v2\/comments?post=1224"}],"version-history":[{"count":1,"href":"https:\/\/www.omegalaw.be\/fr\/wp-json\/wp\/v2\/pages\/1224\/revisions"}],"predecessor-version":[{"id":1226,"href":"https:\/\/www.omegalaw.be\/fr\/wp-json\/wp\/v2\/pages\/1224\/revisions\/1226"}],"wp:attachment":[{"href":"https:\/\/www.omegalaw.be\/fr\/wp-json\/wp\/v2\/media?parent=1224"}],"curies":[{"name":"wp","href":"https:\/\/api.w.org\/{rel}","templated":true}]}}