{"id":1230,"date":"2023-08-29T13:06:03","date_gmt":"2023-08-29T13:06:03","guid":{"rendered":"http:\/\/34.243.242.96\/about\/"},"modified":"2023-11-20T15:01:44","modified_gmt":"2023-11-20T15:01:44","slug":"about","status":"publish","type":"page","link":"https:\/\/www.omegalaw.be\/fr\/about\/","title":{"rendered":"A propos de"},"content":{"rendered":"\t\t<div data-elementor-type=\"wp-page\" data-elementor-id=\"1230\" class=\"elementor elementor-1230 elementor-51\" data-elementor-post-type=\"page\">\n\t\t\t\t<div class=\"elementor-element elementor-element-408f35d e-con-full e-flex e-con e-parent\" data-id=\"408f35d\" data-element_type=\"container\">\n\t\t<div class=\"elementor-element elementor-element-12ebce1 e-con-full e-flex e-con e-child\" data-id=\"12ebce1\" data-element_type=\"container\">\n\t\t\t\t<div data-dce-title-color=\"#16245C\" class=\"elementor-element elementor-element-f054eae elementor-widget__width-initial elementor-widget elementor-widget-heading\" data-id=\"f054eae\" data-element_type=\"widget\" data-widget_type=\"heading.default\">\n\t\t\t\t<div class=\"elementor-widget-container\">\n\t\t\t\t\t<h1 class=\"elementor-heading-title elementor-size-default\">Omega Law a \u00e9t\u00e9 fond\u00e9 en 2013 par Johan Verbist et Beatrix Vanlerberghe, tous deux avocats \u00e0 la Cour de cassation belge, et s'est depuis d\u00e9velopp\u00e9 en une \u00e9quipe s\u00e9lective d'avocats exp\u00e9riment\u00e9s.<\/h1>\t\t\t\t<\/div>\n\t\t\t\t<\/div>\n\t\t\t\t<div class=\"elementor-element elementor-element-5088471 elementor-hidden-desktop dce_masking-none elementor-widget elementor-widget-image\" data-id=\"5088471\" data-element_type=\"widget\" data-widget_type=\"image.default\">\n\t\t\t\t<div class=\"elementor-widget-container\">\n\t\t\t\t\t\t\t\t\t\t\t\t\t\t\t<img loading=\"lazy\" decoding=\"async\" width=\"800\" height=\"534\" src=\"https:\/\/www.omegalaw.be\/wp-content\/uploads\/2023\/10\/cSimonBequoye-web-5698-1024x684.jpg\" class=\"attachment-large size-large wp-image-1259\" alt=\"\" srcset=\"https:\/\/www.omegalaw.be\/wp-content\/uploads\/2023\/10\/cSimonBequoye-web-5698-1024x684.jpg 1024w, https:\/\/www.omegalaw.be\/wp-content\/uploads\/2023\/10\/cSimonBequoye-web-5698-300x200.jpg 300w, https:\/\/www.omegalaw.be\/wp-content\/uploads\/2023\/10\/cSimonBequoye-web-5698-768x513.jpg 768w, https:\/\/www.omegalaw.be\/wp-content\/uploads\/2023\/10\/cSimonBequoye-web-5698-1536x1025.jpg 1536w, https:\/\/www.omegalaw.be\/wp-content\/uploads\/2023\/10\/cSimonBequoye-web-5698.jpg 2048w\" sizes=\"auto, (max-width: 800px) 100vw, 800px\" \/>\t\t\t\t\t\t\t\t\t\t\t\t\t\t\t<\/div>\n\t\t\t\t<\/div>\n\t\t\t\t<div class=\"elementor-element elementor-element-b8266f1 elementor-widget elementor-widget-text-editor\" data-id=\"b8266f1\" data-element_type=\"widget\" data-widget_type=\"text-editor.default\">\n\t\t\t\t<div class=\"elementor-widget-container\">\n\t\t\t\t\t\t\t\t\t<p class=\"p1\">Omega Law est un cabinet d&rsquo;avocats qui assiste ses clients lorsqu&rsquo;ils sont confront\u00e9s aux litiges complexes qui n\u00e9cessitent des connaissances approfondies et de l&rsquo;exp\u00e9rience dans divers domaines du droit.<span class=\"Apple-converted-space\">\u00a0 <\/span>Le cabinet dispose d&rsquo;une expertise particuli\u00e8re en mati\u00e8re de proc\u00e9dures de cassation et de litiges au fond, notamment en droit commercial et financier, en droit de la construction et des march\u00e9s publics, en droit de l&rsquo;environnement, en droit p\u00e9nal des affaires et en droit des m\u00e9dias.<\/p>\r\n&nbsp;\r\n<p class=\"p1\">Omega Law assiste ses clients en conseil et en contentieux non seulement devant tous tribunaux et les cours d&rsquo;appel, mais aussi devant la Cour de cassation, la Cour constitutionnelle, le Conseil d&rsquo;\u00c9tat, le Conseil du contentieux des permis, la Cour du march\u00e9, la Commission europ\u00e9enne et la Cour de justice.<\/p>\r\n<p class=\"p1\">Avec deux avocats \u00e0 la Cour de cassation dans ses rangs, et plusieurs avocats qui combinent la pratique du m\u00e9tier d\u2019avocat avec une activit\u00e9 universitaire, le cabinet est en mesure d&rsquo;offrir \u00e0 ses clients un service complet au plus haut niveau. Cette mise en commun des sp\u00e9cialisations et exp\u00e9riences fait d&rsquo;Omega Law un cabinet unique sur le march\u00e9.<\/p>\t\t\t\t\t\t\t\t<\/div>\n\t\t\t\t<\/div>\n\t\t\t\t<\/div>\n\t\t<div data-dce-background-image-url=\"https:\/\/www.omegalaw.be\/wp-content\/uploads\/2023\/10\/cSimonBequoye-web-5698.jpg\" class=\"elementor-element elementor-element-7b05769 e-con-full elementor-hidden-tablet elementor-hidden-mobile e-flex e-con e-child\" data-id=\"7b05769\" data-element_type=\"container\" data-settings=\"{&quot;background_background&quot;:&quot;classic&quot;,&quot;sticky&quot;:&quot;top&quot;,&quot;sticky_on&quot;:[&quot;desktop&quot;],&quot;sticky_parent&quot;:&quot;yes&quot;,&quot;sticky_offset&quot;:0,&quot;sticky_effects_offset&quot;:0,&quot;sticky_anchor_link_offset&quot;:0}\">\n\t\t\t\t<\/div>\n\t\t\t\t<\/div>\n\t\t<div class=\"elementor-element elementor-element-85fd673 e-flex e-con-boxed e-con e-parent\" data-id=\"85fd673\" data-element_type=\"container\" data-settings=\"{&quot;background_background&quot;:&quot;classic&quot;}\">\n\t\t\t\t\t<div class=\"e-con-inner\">\n\t\t<div class=\"elementor-element elementor-element-0f1e804 e-con-full e-flex e-con e-child\" data-id=\"0f1e804\" data-element_type=\"container\" data-settings=\"{&quot;background_background&quot;:&quot;classic&quot;}\">\n\t\t\t\t<div data-dce-text-color=\"#FFFFFF\" class=\"elementor-element elementor-element-5fd086e elementor-widget elementor-widget-text-editor\" data-id=\"5fd086e\" data-element_type=\"widget\" data-widget_type=\"text-editor.default\">\n\t\t\t\t<div class=\"elementor-widget-container\">\n\t\t\t\t\t\t\t\t\t<p>Rencontrez notre \u00e9quipe.<\/p>\n\t\t\t\t\t\t\t\t<\/div>\n\t\t\t\t<\/div>\n\t\t\t\t<div class=\"elementor-element elementor-element-128b4a7 elementor-widget elementor-widget-text-editor\" data-id=\"128b4a7\" data-element_type=\"widget\" data-widget_type=\"text-editor.default\">\n\t\t\t\t<div class=\"elementor-widget-container\">\n\t\t\t\t\t\t\t\t\t<p><a href=\"https:\/\/www.omegalaw.be\/fr\/team\/\">Plus d&rsquo;informations<\/a><\/p>\n\t\t\t\t\t\t\t\t<\/div>\n\t\t\t\t<\/div>\n\t\t\t\t<\/div>\n\t\t<div class=\"elementor-element elementor-element-816a5cc e-con-full e-flex e-con e-child\" data-id=\"816a5cc\" data-element_type=\"container\" data-settings=\"{&quot;background_background&quot;:&quot;classic&quot;}\">\n\t\t\t\t<div data-dce-text-color=\"#FFFFFF\" class=\"elementor-element elementor-element-8fc0192 elementor-widget elementor-widget-text-editor\" data-id=\"8fc0192\" data-element_type=\"widget\" data-widget_type=\"text-editor.default\">\n\t\t\t\t<div class=\"elementor-widget-container\">\n\t\t\t\t\t\t\t\t\t<p>Domaines juridiques.<\/p>\n\t\t\t\t\t\t\t\t<\/div>\n\t\t\t\t<\/div>\n\t\t\t\t<div class=\"elementor-element elementor-element-4a19c68 elementor-widget elementor-widget-text-editor\" data-id=\"4a19c68\" data-element_type=\"widget\" data-widget_type=\"text-editor.default\">\n\t\t\t\t<div class=\"elementor-widget-container\">\n\t\t\t\t\t\t\t\t\t<p><a href=\"https:\/\/www.omegalaw.be\/fr\/#rechtsdomeinen\">Plus d&rsquo;informations<\/a><\/p>\n\t\t\t\t\t\t\t\t<\/div>\n\t\t\t\t<\/div>\n\t\t\t\t<\/div>\n\t\t<div class=\"elementor-element elementor-element-c28d93d e-con-full e-flex e-con e-child\" data-id=\"c28d93d\" data-element_type=\"container\" data-settings=\"{&quot;background_background&quot;:&quot;classic&quot;}\">\n\t\t\t\t<div data-dce-text-color=\"#FFFFFF\" class=\"elementor-element elementor-element-5bc0cbf elementor-widget elementor-widget-text-editor\" data-id=\"5bc0cbf\" data-element_type=\"widget\" data-widget_type=\"text-editor.default\">\n\t\t\t\t<div class=\"elementor-widget-container\">\n\t\t\t\t\t\t\t\t\t<p>Les proc\u00e9dures de cassation.<\/p>\n\t\t\t\t\t\t\t\t<\/div>\n\t\t\t\t<\/div>\n\t\t\t\t<div class=\"elementor-element elementor-element-9864a00 elementor-widget elementor-widget-text-editor\" data-id=\"9864a00\" data-element_type=\"widget\" data-widget_type=\"text-editor.default\">\n\t\t\t\t<div class=\"elementor-widget-container\">\n\t\t\t\t\t\t\t\t\t<p><a href=\"https:\/\/www.omegalaw.be\/fr\/les-procedures-de-cassation\/\">Plus d&rsquo;informations<\/a><\/p>\n\t\t\t\t\t\t\t\t<\/div>\n\t\t\t\t<\/div>\n\t\t\t\t<\/div>\n\t\t\t\t\t<\/div>\n\t\t\t\t<\/div>\n\t\t<div class=\"elementor-element elementor-element-52f8287 e-con-full e-flex e-con e-parent\" data-id=\"52f8287\" data-element_type=\"container\" data-settings=\"{&quot;background_background&quot;:&quot;classic&quot;}\">\n\t\t\t\t<div class=\"elementor-element elementor-element-533b8af dce_masking-none elementor-widget elementor-widget-image\" data-id=\"533b8af\" data-element_type=\"widget\" data-widget_type=\"image.default\">\n\t\t\t\t<div class=\"elementor-widget-container\">\n\t\t\t\t\t\t\t\t\t\t\t\t\t\t\t<img loading=\"lazy\" decoding=\"async\" width=\"800\" height=\"673\" src=\"https:\/\/www.omegalaw.be\/wp-content\/uploads\/2023\/08\/Chambers-1024x861.png\" class=\"attachment-large size-large wp-image-1232\" alt=\"\" srcset=\"https:\/\/www.omegalaw.be\/wp-content\/uploads\/2023\/08\/Chambers-1024x861.png 1024w, https:\/\/www.omegalaw.be\/wp-content\/uploads\/2023\/08\/Chambers-300x252.png 300w, https:\/\/www.omegalaw.be\/wp-content\/uploads\/2023\/08\/Chambers-768x646.png 768w, https:\/\/www.omegalaw.be\/wp-content\/uploads\/2023\/08\/Chambers.png 1360w\" sizes=\"auto, (max-width: 800px) 100vw, 800px\" \/>\t\t\t\t\t\t\t\t\t\t\t\t\t\t\t<\/div>\n\t\t\t\t<\/div>\n\t\t\t\t<\/div>\n\t\t\t\t<\/div>\n\t\t","protected":false},"excerpt":{"rendered":"<p>Omega Law a \u00e9t\u00e9 fond\u00e9 en 2013 par Johan Verbist et Beatrix Vanlerberghe, tous deux avocats \u00e0 la Cour de cassation belge, et s&rsquo;est depuis d\u00e9velopp\u00e9 en une \u00e9quipe s\u00e9lective d&rsquo;avocats exp\u00e9riment\u00e9s. Omega Law est un cabinet d&rsquo;avocats qui assiste ses clients lorsqu&rsquo;ils sont confront\u00e9s aux litiges complexes qui n\u00e9cessitent des connaissances approfondies et de [&hellip;]<\/p>\n","protected":false},"author":1,"featured_media":0,"parent":0,"menu_order":0,"comment_status":"closed","ping_status":"closed","template":"","meta":{"_acf_changed":false,"footnotes":""},"class_list":["post-1230","page","type-page","status-publish","hentry"],"acf":[],"_links":{"self":[{"href":"https:\/\/www.omegalaw.be\/fr\/wp-json\/wp\/v2\/pages\/1230","targetHints":{"allow":["GET"]}}],"collection":[{"href":"https:\/\/www.omegalaw.be\/fr\/wp-json\/wp\/v2\/pages"}],"about":[{"href":"https:\/\/www.omegalaw.be\/fr\/wp-json\/wp\/v2\/types\/page"}],"author":[{"embeddable":true,"href":"https:\/\/www.omegalaw.be\/fr\/wp-json\/wp\/v2\/users\/1"}],"replies":[{"embeddable":true,"href":"https:\/\/www.omegalaw.be\/fr\/wp-json\/wp\/v2\/comments?post=1230"}],"version-history":[{"count":7,"href":"https:\/\/www.omegalaw.be\/fr\/wp-json\/wp\/v2\/pages\/1230\/revisions"}],"predecessor-version":[{"id":1388,"href":"https:\/\/www.omegalaw.be\/fr\/wp-json\/wp\/v2\/pages\/1230\/revisions\/1388"}],"wp:attachment":[{"href":"https:\/\/www.omegalaw.be\/fr\/wp-json\/wp\/v2\/media?parent=1230"}],"curies":[{"name":"wp","href":"https:\/\/api.w.org\/{rel}","templated":true}]}}